{"id":1053,"date":"2022-06-02T12:16:06","date_gmt":"2022-06-02T10:16:06","guid":{"rendered":"http:\/\/www.pfarreklostermarienberg.at\/?page_id=1053"},"modified":"2022-12-24T11:19:24","modified_gmt":"2022-12-24T10:19:24","slug":"cistercienserabtei-marienberg","status":"publish","type":"page","link":"http:\/\/www.pfarreklostermarienberg.at\/?page_id=1053","title":{"rendered":"Cistercienserabtei Marienberg"},"content":{"rendered":"\n<p class=\"has-text-align-center has-text-color has-medium-font-size\" style=\"color:#f80b0b\"><\/p>\n\n\n\n<p>Cistercienserabtei Marienberg (Abbatia BMV ad montem)<\/p>\n\n\n\n<p>gegr\u00fcndet 1197 durch das Stift Heiligenkreuz; in den Wirren der ersten T\u00fcrkenbelagerung Wiens wird die Klosteranlage 1527-29 zerst\u00f6rt, &amp; das kl\u00f6sterliche Leben erlischt. Der Stiftungsbesitz f\u00e4llt in s\u00e4kulare H\u00e4nde und wechselt in der Folge mehrfach den Eigent\u00fcmer. 1680 Schenkung an das Stift Lilienfeld durch den F\u00fcrsten Esterhazy unter Abt Matth\u00e4us Kohlweiss. Das Stift Lilienfeld errichtet zur Verwaltung des Gutes ein Superiorat; der Abt von Lilienfeld nimmt den Titel Abt von Marienberg an. 1716 erfolgt die Errichtung der Pfarre Klostermarienberg; 1741-44 Bau der Pfarrkirche (konsekriert 1780).<\/p>\n\n\n\n<p><a rel=\"noreferrer noopener\" href=\"http:\/\/www.zisterzienserlexikon.de\/wiki\/Marienberg\" target=\"_blank\">http:\/\/www.zisterzienserlexikon.de\/wiki\/Marienberg<\/a> <\/p>\n\n\n\n<figure class=\"wp-block-image size-large is-resized\"><img loading=\"lazy\" decoding=\"async\" src=\"http:\/\/www.pfarreklostermarienberg.at\/wp-content\/uploads\/2022\/06\/IMG_0734-768x1024.jpeg\" alt=\"\" class=\"wp-image-1055\" width=\"675\" height=\"900\" srcset=\"http:\/\/www.pfarreklostermarienberg.at\/wp-content\/uploads\/2022\/06\/IMG_0734-768x1024.jpeg 768w, http:\/\/www.pfarreklostermarienberg.at\/wp-content\/uploads\/2022\/06\/IMG_0734-225x300.jpeg 225w, http:\/\/www.pfarreklostermarienberg.at\/wp-content\/uploads\/2022\/06\/IMG_0734-1152x1536.jpeg 1152w, http:\/\/www.pfarreklostermarienberg.at\/wp-content\/uploads\/2022\/06\/IMG_0734-1536x2048.jpeg 1536w, http:\/\/www.pfarreklostermarienberg.at\/wp-content\/uploads\/2022\/06\/IMG_0734-scaled.jpeg 1920w\" sizes=\"auto, (max-width: 675px) 100vw, 675px\" \/><figcaption class=\"wp-element-caption\">Pfarrkirche und  Superiorat von Osten<\/figcaption><\/figure>\n\n\n\n<p><\/p>\n","protected":false},"excerpt":{"rendered":"<p>Cistercienserabtei Marienberg (Abbatia BMV ad montem) gegr\u00fcndet 1197 durch das Stift Heiligenkreuz; in den Wirren der ersten T\u00fcrkenbelagerung Wiens wird die Klosteranlage 1527-29 zerst\u00f6rt, &amp; das kl\u00f6sterliche Leben erlischt. Der Stiftungsbesitz f\u00e4llt in s\u00e4kulare H\u00e4nde und wechselt in der Folge &hellip; <a href=\"http:\/\/www.pfarreklostermarienberg.at\/?page_id=1053\">Weiterlesen <span class=\"meta-nav\">&rarr;<\/span><\/a><\/p>\n","protected":false},"author":2,"featured_media":1219,"parent":0,"menu_order":0,"comment_status":"closed","ping_status":"closed","template":"","meta":{"footnotes":""},"class_list":["post-1053","page","type-page","status-publish","has-post-thumbnail","hentry"],"_links":{"self":[{"href":"http:\/\/www.pfarreklostermarienberg.at\/index.php?rest_route=\/wp\/v2\/pages\/1053","targetHints":{"allow":["GET"]}}],"collection":[{"href":"http:\/\/www.pfarreklostermarienberg.at\/index.php?rest_route=\/wp\/v2\/pages"}],"about":[{"href":"http:\/\/www.pfarreklostermarienberg.at\/index.php?rest_route=\/wp\/v2\/types\/page"}],"author":[{"embeddable":true,"href":"http:\/\/www.pfarreklostermarienberg.at\/index.php?rest_route=\/wp\/v2\/users\/2"}],"replies":[{"embeddable":true,"href":"http:\/\/www.pfarreklostermarienberg.at\/index.php?rest_route=%2Fwp%2Fv2%2Fcomments&post=1053"}],"version-history":[{"count":7,"href":"http:\/\/www.pfarreklostermarienberg.at\/index.php?rest_route=\/wp\/v2\/pages\/1053\/revisions"}],"predecessor-version":[{"id":1476,"href":"http:\/\/www.pfarreklostermarienberg.at\/index.php?rest_route=\/wp\/v2\/pages\/1053\/revisions\/1476"}],"wp:featuredmedia":[{"embeddable":true,"href":"http:\/\/www.pfarreklostermarienberg.at\/index.php?rest_route=\/wp\/v2\/media\/1219"}],"wp:attachment":[{"href":"http:\/\/www.pfarreklostermarienberg.at\/index.php?rest_route=%2Fwp%2Fv2%2Fmedia&parent=1053"}],"curies":[{"name":"wp","href":"https:\/\/api.w.org\/{rel}","templated":true}]}}